{"id":7535,"date":"2021-12-30T00:09:15","date_gmt":"2021-12-30T00:09:15","guid":{"rendered":"https:\/\/dev2.rockofages.com\/tourism\/"},"modified":"2022-11-14T13:56:01","modified_gmt":"2022-11-14T13:56:01","slug":"tour","status":"publish","type":"page","link":"https:\/\/roadev.polycor.com\/fr\/tour\/","title":{"rendered":"Tourisme"},"content":{"rendered":"\n<div class=\"inherit-container-width wp-block-group alignfull group-no-padding is-layout-constrained\"><div class=\"wp-block-group__inner-container\">\n<div style=\"height:50px\" aria-hidden=\"true\" class=\"wp-block-spacer\"><\/div>\n\n\n\n<h1 class=\"has-text-align-center is-style-if-roa-feat-heading-2 has-large-font-size wp-block-heading\" id=\"la-ou-le-temps-s-arrete\">L\u00e0 o\u00f9 le temps s\u2019arr\u00eate<\/h1>\n\n\n\n<div style=\"height:50px\" aria-hidden=\"true\" class=\"wp-block-spacer\"><\/div>\n<\/div><\/div>\n\n\n\n<div class=\"wp-block-cover alignfull is-light has-parallax\" style=\"background-image:url(https:\/\/roadev.polycor.com\/wp-content\/uploads\/2022\/01\/ourworld.visitorscenterday@1x.jpg);min-height:480px\"><span aria-hidden=\"true\" class=\"wp-block-cover__background has-background-dim-0 has-background-dim\"><\/span><div class=\"wp-block-cover__inner-container\">\n<p class=\"has-text-align-center has-large-font-size\"><\/p>\n<\/div><\/div>\n\n\n\n<div class=\"inherit-container-width wp-block-group alignfull has-rust-lt-background-color has-background is-layout-constrained\"><div class=\"wp-block-group__inner-container\">\n<h3 class=\"has-text-align-center is-style-ibf-roa-copper-heading has-rust-color has-text-color wp-block-heading\" id=\"nous-sommes-les-fiers-proprietaires-de-plusieurs-carrieres-partout-en-amerique-du-nord-desquelles-nous-extrayons-des-pierres-vieilles-de-400-millions-d-annees-depuis-1885\"><strong><strong><strong><strong><strong><strong>Merci pour cette merveilleuse saison 2022!<\/strong><\/strong><\/strong><\/strong><\/strong><\/strong><\/h3>\n\n\n\n<h3 class=\"has-text-align-center wp-block-heading\">Nous sommes maintenant ferm\u00e9s, visites guid\u00e9es de carri\u00e8re ont conclu<\/h3>\n<\/div><\/div>\n\n\n\n<div class=\"inherit-container-width wp-block-group alignfull group-no-padding is-layout-constrained\"><div class=\"wp-block-group__inner-container\">\n<div style=\"height:100px\" aria-hidden=\"true\" class=\"wp-block-spacer md-spacer-5vh\"><\/div>\n\n\n\n<div class=\"wp-block-media-text alignfull is-stacked-on-mobile is-style-if-roa-media-text no-vertical-padding big-image-left\"><figure class=\"wp-block-media-text__media\"><img decoding=\"async\" loading=\"lazy\" width=\"1500\" height=\"1500\" src=\"https:\/\/roadev.polycor.com\/wp-content\/uploads\/2022\/01\/tourism.center@2x.jpg\" alt=\"\" class=\"wp-image-8961 size-full\" srcset=\"https:\/\/roadev.polycor.com\/wp-content\/uploads\/2022\/01\/tourism.center@2x.jpg 1500w, https:\/\/roadev.polycor.com\/wp-content\/uploads\/2022\/01\/tourism.center@2x-300x300.jpg 300w, https:\/\/roadev.polycor.com\/wp-content\/uploads\/2022\/01\/tourism.center@2x-1024x1024.jpg 1024w, https:\/\/roadev.polycor.com\/wp-content\/uploads\/2022\/01\/tourism.center@2x-150x150.jpg 150w, https:\/\/roadev.polycor.com\/wp-content\/uploads\/2022\/01\/tourism.center@2x-768x768.jpg 768w, https:\/\/roadev.polycor.com\/wp-content\/uploads\/2022\/01\/tourism.center@2x-372x372.jpg 372w\" sizes=\"(max-width: 1500px) 100vw, 1500px\" \/><\/figure><div class=\"wp-block-media-text__content\">\n<div style=\"height:30px\" aria-hidden=\"true\" class=\"wp-block-spacer\"><\/div>\n\n\n\n<h2 class=\"is-style-if-roa-prod-head-1 wp-block-heading\" id=\"centre-des-visiteurs\">Centre des visiteurs<\/h2>\n\n\n\n<p>Votre exp\u00e9rience de visite du Rocher des \u00e2ges commence g\u00e9n\u00e9ralement \u00e0 notre Centre des visiteurs moderne. Ici, vous pouvez r\u00e9server votre billet de visite guid\u00e9e de caravane, profiter d\u2019une vid\u00e9o sur les processus d\u2019exploitation et de fabrication dans notre th\u00e9\u00e2tre rond unique, parcourir des photos historiques et des expositions, magasiner pour des cadeaux en pierre naturelle et profiter de l\u2019hospitalit\u00e9 chaleureuse du Vermont.<\/p>\n\n\n\n<p>Fait int\u00e9ressant! En 1962, Rock of Ages a construit un centre d\u2019accueil de 2&nbsp;800 pieds carr\u00e9s pour r\u00e9pondre \u00e0 la croissance du tourisme. En 1967, plus de 100000 visiteurs venaient \u00e0 Barre chaque ann\u00e9e pour visiter les carri\u00e8res et le Centre des artisans. Le 1er&nbsp;mai&nbsp;2004, Rock of Ages a ouvert un nouveau b\u00e2timent de 5000 pieds carr\u00e9s qui abrite un nouveau centre d\u2019accueil et un studio de design Memorial.<\/p>\n\n\n\n<p><strong>ferm\u00e9 pour la saison<\/strong><\/p>\n\n\n\n<div style=\"height:30px\" aria-hidden=\"true\" class=\"wp-block-spacer\"><\/div>\n<\/div><\/div>\n<\/div><\/div>\n\n\n\n<div class=\"inherit-container-width wp-block-group alignfull group-no-padding has-white-background-color has-background is-layout-constrained\"><div class=\"wp-block-group__inner-container\">\n<div style=\"height:100px\" aria-hidden=\"true\" class=\"wp-block-spacer md-spacer-7vh\"><\/div>\n\n\n\n<div class=\"wp-block-media-text alignfull has-media-on-the-right is-stacked-on-mobile is-style-if-roa-media-text no-vertical-padding\"><figure class=\"wp-block-media-text__media\"><img decoding=\"async\" loading=\"lazy\" width=\"470\" height=\"570\" src=\"https:\/\/roadev.polycor.com\/wp-content\/uploads\/2021\/12\/tourism.quarry@1x.jpg\" alt=\"\" class=\"wp-image-1349 size-full\" srcset=\"https:\/\/roadev.polycor.com\/wp-content\/uploads\/2021\/12\/tourism.quarry@1x.jpg 470w, https:\/\/roadev.polycor.com\/wp-content\/uploads\/2021\/12\/tourism.quarry@1x-247x300.jpg 247w\" sizes=\"(max-width: 470px) 100vw, 470px\" \/><\/figure><div class=\"wp-block-media-text__content\">\n<div style=\"height:40px\" aria-hidden=\"true\" class=\"wp-block-spacer md-spacer-5vh\"><\/div>\n\n\n\n<h2 class=\"is-style-ibf-roa-navy-heading wp-block-heading\" id=\"visite-guidee-dans-une-carriere\">Visite guid\u00e9e dans une carri\u00e8re<\/h2>\n\n\n\n<h2 class=\"is-style-default wp-block-heading\" id=\"barre-vermont\">Barre, Vermont &#8211; Ferm\u00e9 Pour La Saison<\/h2>\n\n\n\n<p>OFFICALLY BEGINS MAY 16th, 2022. La visite guid\u00e9e de la carri\u00e8re vous emm\u00e8ne \u00e0 une vue sur la carri\u00e8re Smith. \u00c0 pr\u00e8s de 600 pieds de profondeur, c\u2019est la plus grande carri\u00e8re de granit au monde. Une exp\u00e9rience unique en son genre, \u00e0 ne pas manquer lors de votre visite dans le Vermont.<\/p>\n\n\n\n<p>La visite dure environ 40 minutes et dure g\u00e9n\u00e9ralement beau temps mauvais temps.<\/p>\n\n\n\n<p>ferm\u00e9 pour la saison<\/p>\n\n\n\n<p>Pour les visites de groupes et d\u2019\u00e9coles, veuillez contacter&nbsp;: Visites de groupes de centres d\u2019accueil, 802-476-3119.<\/p>\n\n\n\n<p><\/p>\n\n\n\n<div style=\"height:40px\" aria-hidden=\"true\" class=\"wp-block-spacer editorskit-no-mobile\"><\/div>\n\n\n\n<p><\/p>\n<\/div><\/div>\n<\/div><\/div>\n\n\n\n<p class=\"has-text-align-center\"><strong>Renseignements suppl\u00e9mentaires sur les invit\u00e9s<\/strong><br>Nous vous encourageons \u00e0 emporter un repas et un pique-nique pendant votre visite | Profitez d\u2019une partie amusante de ma\u00efs et d\u2019un souvenir gratuit de notre pile de coulis de ciment<\/p>\n\n\n\n<div class=\"inherit-container-width wp-block-group alignfull group-no-padding has-white-background-color has-background is-layout-constrained\"><div class=\"wp-block-group__inner-container\">\n<div class=\"wp-block-media-text alignfull has-media-on-the-right is-stacked-on-mobile is-style-if-roa-media-text no-vertical-padding\"><figure class=\"wp-block-media-text__media\"><img decoding=\"async\" loading=\"lazy\" width=\"470\" height=\"567\" src=\"https:\/\/roadev.polycor.com\/wp-content\/uploads\/2021\/12\/tourism.bowling@1x.jpg\" alt=\"\" class=\"wp-image-1363 size-full\" srcset=\"https:\/\/roadev.polycor.com\/wp-content\/uploads\/2021\/12\/tourism.bowling@1x.jpg 470w, https:\/\/roadev.polycor.com\/wp-content\/uploads\/2021\/12\/tourism.bowling@1x-249x300.jpg 249w\" sizes=\"(max-width: 470px) 100vw, 470px\" \/><\/figure><div class=\"wp-block-media-text__content\">\n<div style=\"height:40px\" aria-hidden=\"true\" class=\"wp-block-spacer md-spacer-5vh\"><\/div>\n\n\n\n<h2 class=\"is-style-ibf-roa-navy-heading wp-block-heading\" id=\"piste-de-quilleexterieure-en-granite\">Piste de quille<br>ext\u00e9rieure en granite<\/h2>\n\n\n\n<p>D\u00e9velopp\u00e9 comme prototype pour les voies commerciales, notre piste de bowling en granit a ravi des millions de visiteurs depuis 1958. Parce qu\u2019une boule de bowling traditionnelle finira par casser en frappant la piste de granit dur, le concept n\u2019a jamais d\u00e9coll\u00e9. C\u2019est pourquoi vous ne verrez pas de granit sur les pistes de votre bowling. Mais les boules de caoutchouc que nous fournissons vous offrira, \u00e0 vous et \u00e0 votre famille, une exp\u00e9rience gratuite et amusante pendant votre visite du Rocher des \u00c2ges.<\/p>\n\n\n\n<p>Ferm\u00e9 pour la saison<\/p>\n\n\n\n<div style=\"height:35px\" aria-hidden=\"true\" class=\"wp-block-spacer sm-15-high\"><\/div>\n\n\n\n<p class=\"is-style-if-roa-prod-text-1 with-line line-above\"><\/p>\n\n\n\n<p class=\"is-style-if-roa-prod-text-1\"><\/p>\n\n\n\n<p class=\"is-style-if-roa-prod-text-1 border-bottom-line\"><\/p>\n\n\n\n<div style=\"height:40px\" aria-hidden=\"true\" class=\"wp-block-spacer\"><\/div>\n<\/div><\/div>\n<\/div><\/div>\n\n\n\n<div class=\"inherit-container-width wp-block-group alignfull group-no-padding is-layout-constrained\"><div class=\"wp-block-group__inner-container\">\n<div style=\"height:100px\" aria-hidden=\"true\" class=\"wp-block-spacer md-spacer-7vh\"><\/div>\n\n\n\n<div class=\"wp-block-media-text alignwide is-stacked-on-mobile is-style-if-roa-media-text no-vertical-padding big-image-left\"><figure class=\"wp-block-media-text__media\"><img decoding=\"async\" loading=\"lazy\" width=\"846\" height=\"570\" src=\"https:\/\/roadev.polycor.com\/wp-content\/uploads\/2021\/12\/Barre-video.jpg\" alt=\"\" class=\"wp-image-1372 size-full\" srcset=\"https:\/\/roadev.polycor.com\/wp-content\/uploads\/2021\/12\/Barre-video.jpg 846w, https:\/\/roadev.polycor.com\/wp-content\/uploads\/2021\/12\/Barre-video-300x202.jpg 300w, https:\/\/roadev.polycor.com\/wp-content\/uploads\/2021\/12\/Barre-video-768x517.jpg 768w\" sizes=\"(max-width: 846px) 100vw, 846px\" \/><\/figure><div class=\"wp-block-media-text__content\">\n<div style=\"height:100px\" aria-hidden=\"true\" class=\"wp-block-spacer md-spacer-5vh\"><\/div>\n\n\n\n<h2 class=\"is-style-if-roa-prod-head-1 wp-block-heading\" id=\"tout-droit-de-nos-carrieres\">Tout droit de nos carri\u00e8res<\/h2>\n\n\n\n<p class=\"is-style-if-roa-prod-text-1 has-navy-color has-text-color\">Une vid\u00e9o promotionnelle des plus spectaculaires a \u00e9t\u00e9 tourn\u00e9e dans la carri\u00e8re de granite Smith, pour montrer les veines naturelles de la roche qui s\u2019\u00e9tendent \u00e0 l\u2019horizontale ainsi que l\u2019eau turquoise opaque et profonde. Le contraste entre la puret\u00e9 du granite de Barre et la voix m\u00e9lodieuse de la chanteuse d\u2019op\u00e9ra est tout simplement fabuleux. <\/p>\n\n\n\n<div class=\"wp-block-buttons is-layout-flex\">\n<div class=\"wp-block-button is-style-ibf-roa-button\"><a class=\"wp-block-button__link\" href=\"http:\/\/barregray.com\/\" target=\"_blank\" rel=\"noreferrer noopener\">VISIONNER LA VID\u00c9O<\/a><\/div>\n<\/div>\n\n\n\n<div style=\"height:100px\" aria-hidden=\"true\" class=\"wp-block-spacer md-spacer-7vh\"><\/div>\n<\/div><\/div>\n\n\n\n<div style=\"height:100px\" aria-hidden=\"true\" class=\"wp-block-spacer md-spacer-7vh\"><\/div>\n<\/div><\/div>\n\n\n\n<div class=\"wp-block-cover alignfull is-light has-custom-content-position is-position-center-right editorskit-no-mobile\" style=\"min-height:800px\"><span aria-hidden=\"true\" class=\"wp-block-cover__background has-background-dim-0 has-background-dim\"><\/span><img decoding=\"async\" loading=\"lazy\" width=\"2327\" height=\"886\" class=\"wp-block-cover__image-background wp-image-772\" alt=\"\" src=\"https:\/\/roadev.polycor.com\/wp-content\/uploads\/2021\/12\/map@1x.jpg\" data-object-fit=\"cover\" srcset=\"https:\/\/roadev.polycor.com\/wp-content\/uploads\/2021\/12\/map@1x.jpg 2327w, https:\/\/roadev.polycor.com\/wp-content\/uploads\/2021\/12\/map@1x-300x114.jpg 300w, https:\/\/roadev.polycor.com\/wp-content\/uploads\/2021\/12\/map@1x-1024x390.jpg 1024w, https:\/\/roadev.polycor.com\/wp-content\/uploads\/2021\/12\/map@1x-768x292.jpg 768w, https:\/\/roadev.polycor.com\/wp-content\/uploads\/2021\/12\/map@1x-1536x585.jpg 1536w, https:\/\/roadev.polycor.com\/wp-content\/uploads\/2021\/12\/map@1x-2048x780.jpg 2048w\" sizes=\"(max-width: 2327px) 100vw, 2327px\" \/><div class=\"wp-block-cover__inner-container\">\n<div id=\"map-address-d\" class=\"inherit-container-width wp-block-group has-ek-typography has-white-background-color has-background editorskit-no-tablet editorskit-no-mobile is-layout-constrained\"><div class=\"wp-block-group__inner-container\">\n<h2 class=\"has-text-align-center is-style-if-roa-feat-heading-2 has-navy-color has-text-color wp-block-heading\" id=\"se-rendre\">Se rendre<\/h2>\n\n\n\n<div style=\"height:24px\" aria-hidden=\"true\" class=\"wp-block-spacer\"><\/div>\n\n\n\n<p class=\"has-text-align-center is-style-default has-navy-color has-text-color\">Centre des visiteurs de Rock of Ages<br>558 Graniteville Road<br>Graniteville, VT 05654<\/p>\n\n\n\n<div style=\"height:18px\" aria-hidden=\"true\" class=\"wp-block-spacer\"><\/div>\n\n\n\n<p class=\"has-text-align-center is-style-default has-navy-color has-text-color\"><a href=\"tel:8004210166\" class=\"ek-link\">T. 802 476-3119<\/a><\/p>\n\n\n\n<p class=\"has-text-align-center is-style-default has-navy-color has-text-color\"><a href=\"tel:8004210166\" class=\"ek-link\">SANS FRAIS: 866 748-6877<\/a><\/p>\n\n\n\n<div class=\"wp-block-buttons is-horizontal is-content-justification-center is-layout-flex wp-container-8\">\n<div class=\"wp-block-button\"><a class=\"wp-block-button__link\" href=\"https:\/\/www.google.co.jp\/maps\/place\/Rock+of+Ages+Visitors+Center\/@44.1559871,-72.4950654,17z\/data=!3m1!4b1!4m5!3m4!1s0x4cb503e8c8f9afeb:0x9133ab28476591b3!8m2!3d44.1559833!4d-72.4928714\" target=\"_blank\" rel=\"noreferrer noopener\">GET DIRECTIONS<\/a><\/div>\n<\/div>\n<\/div><\/div>\n<\/div><\/div>\n\n\n\n<div style=\"height:56px\" aria-hidden=\"true\" class=\"wp-block-spacer editorskit-no-desktop editorskit-no-tablet\"><\/div>\n\n\n\n<div class=\"wp-block-cover alignfull is-light editorskit-no-desktop editorskit-no-tablet\"><span aria-hidden=\"true\" class=\"wp-block-cover__background has-background-dim-0 has-background-dim\"><\/span><img decoding=\"async\" loading=\"lazy\" width=\"320\" height=\"420\" class=\"wp-block-cover__image-background wp-image-849\" alt=\"\" src=\"https:\/\/roadev.polycor.com\/wp-content\/uploads\/2021\/12\/map-mobile@1x.png\" data-object-fit=\"cover\" srcset=\"https:\/\/roadev.polycor.com\/wp-content\/uploads\/2021\/12\/map-mobile@1x.png 320w, https:\/\/roadev.polycor.com\/wp-content\/uploads\/2021\/12\/map-mobile@1x-229x300.png 229w\" sizes=\"(max-width: 320px) 100vw, 320px\" \/><div class=\"wp-block-cover__inner-container\">\n<p class=\"has-text-align-center has-large-font-size\"><\/p>\n<\/div><\/div>\n\n\n\n<div class=\"wp-block-cover is-light editorskit-no-desktop editorskit-no-tablet\" id=\"map-address-m\"><span aria-hidden=\"true\" class=\"wp-block-cover__background has-white-background-color has-background-dim-100 has-background-dim\"><\/span><div class=\"wp-block-cover__inner-container\">\n<h2 class=\"has-text-align-center is-style-if-roa-feat-heading-2 has-navy-color has-text-color wp-block-heading\" id=\"se-rendre-1\">Se rendre<\/h2>\n\n\n\n<div style=\"height:24px\" aria-hidden=\"true\" class=\"wp-block-spacer\"><\/div>\n\n\n\n<p class=\"has-text-align-center is-style-default has-navy-color has-text-color\"> Centre des visiteurs de Rock of Ages<br>558 Graniteville Road<br>Graniteville, VT 05654<\/p>\n\n\n\n<div style=\"height:18px\" aria-hidden=\"true\" class=\"wp-block-spacer\"><\/div>\n\n\n\n<p class=\"has-text-align-center is-style-default has-navy-color has-text-color\"><a href=\"tel:8004210166\" class=\"ek-link\">T. 802 476-3119<\/a><\/p>\n\n\n\n<p class=\"has-text-align-center is-style-default has-navy-color has-text-color\"><a href=\"tel:8004210166\" class=\"ek-link\">SANS FRAIS: 866 748-6877<\/a><\/p>\n\n\n\n<div class=\"wp-block-buttons is-horizontal is-content-justification-center is-layout-flex wp-container-10\">\n<div class=\"wp-block-button\"><a class=\"wp-block-button__link\" href=\"https:\/\/www.google.co.jp\/maps\/place\/Rock+of+Ages+Visitors+Center\/@44.1559871,-72.4950654,17z\/data=!3m1!4b1!4m5!3m4!1s0x4cb503e8c8f9afeb:0x9133ab28476591b3!8m2!3d44.1559833!4d-72.4928714\" target=\"_blank\" rel=\"noreferrer noopener\">GET DIRECTIONS<\/a><\/div>\n<\/div>\n<\/div><\/div>\n","protected":false},"excerpt":{"rendered":"<p>L\u00e0 o\u00f9 le temps s\u2019arr\u00eate Merci pour cette merveilleuse saison 2022! Nous sommes maintenant ferm\u00e9s, visites guid\u00e9es de carri\u00e8re ont conclu Centre des visiteurs Votre exp\u00e9rience de visite du Rocher des \u00e2ges commence g\u00e9n\u00e9ralement \u00e0 notre Centre des visiteurs moderne. Ici, vous pouvez r\u00e9server votre billet de visite guid\u00e9e de caravane, profiter d\u2019une vid\u00e9o sur &hellip;<\/p>\n<p class=\"read-more\"> <a class=\"\" href=\"https:\/\/roadev.polycor.com\/fr\/tour\/\"> <span class=\"screen-reader-text\">Tourisme<\/span> Lire la suite\u00a0\u00bb<\/a><\/p>\n","protected":false},"author":1,"featured_media":0,"parent":0,"menu_order":0,"comment_status":"closed","ping_status":"closed","template":"","meta":{"_editorskit_title_hidden":false,"_editorskit_reading_time":3,"_editorskit_is_block_options_detached":false,"_editorskit_block_options_position":"{}","content-type":"","site-sidebar-layout":"default","site-content-layout":"default","ast-global-header-display":"","ast-main-header-display":"","ast-hfb-above-header-display":"","ast-hfb-below-header-display":"","ast-hfb-mobile-header-display":"","site-post-title":"","ast-breadcrumbs-content":"","ast-featured-img":"","footer-sml-layout":"","theme-transparent-header-meta":"","adv-header-id-meta":"","stick-header-meta":"","header-above-stick-meta":"","header-main-stick-meta":"","header-below-stick-meta":""},"acf":[],"yoast_head":"<!-- This site is optimized with the Yoast SEO plugin v20.11 - https:\/\/yoast.com\/wordpress\/plugins\/seo\/ -->\n<title>Tourisme - Rock of Ages | Handcrafted monuments<\/title>\n<meta name=\"robots\" content=\"noindex, follow, max-snippet:-1, max-image-preview:large, max-video-preview:-1\" \/>\n<meta property=\"og:locale\" content=\"fr_FR\" \/>\n<meta property=\"og:type\" content=\"article\" \/>\n<meta property=\"og:title\" content=\"Tourisme - Rock of Ages | Handcrafted monuments\" \/>\n<meta property=\"og:description\" content=\"L\u00e0 o\u00f9 le temps s\u2019arr\u00eate Merci pour cette merveilleuse saison 2022! Nous sommes maintenant ferm\u00e9s, visites guid\u00e9es de carri\u00e8re ont conclu Centre des visiteurs Votre exp\u00e9rience de visite du Rocher des \u00e2ges commence g\u00e9n\u00e9ralement \u00e0 notre Centre des visiteurs moderne. Ici, vous pouvez r\u00e9server votre billet de visite guid\u00e9e de caravane, profiter d\u2019une vid\u00e9o sur &hellip; Tourisme Lire la suite\u00a0\u00bb\" \/>\n<meta property=\"og:url\" content=\"https:\/\/roadev.polycor.com\/fr\/tour\/\" \/>\n<meta property=\"og:site_name\" content=\"Rock of Ages | Handcrafted monuments\" \/>\n<meta property=\"article:modified_time\" content=\"2022-11-14T13:56:01+00:00\" \/>\n<meta property=\"og:image\" content=\"https:\/\/roadev.polycor.com\/wp-content\/uploads\/2022\/01\/tourism.center@2x.jpg\" \/>\n<meta name=\"twitter:card\" content=\"summary_large_image\" \/>\n<meta name=\"twitter:label1\" content=\"Dur\u00e9e de lecture estim\u00e9e\" \/>\n\t<meta name=\"twitter:data1\" content=\"4 minutes\" \/>\n<script type=\"application\/ld+json\" class=\"yoast-schema-graph\">{\"@context\":\"https:\/\/schema.org\",\"@graph\":[{\"@type\":\"WebPage\",\"@id\":\"https:\/\/roadev.polycor.com\/fr\/tour\/\",\"url\":\"https:\/\/roadev.polycor.com\/fr\/tour\/\",\"name\":\"Tourisme - Rock of Ages | Handcrafted monuments\",\"isPartOf\":{\"@id\":\"https:\/\/roadev.polycor.com\/fr\/#website\"},\"datePublished\":\"2021-12-30T00:09:15+00:00\",\"dateModified\":\"2022-11-14T13:56:01+00:00\",\"breadcrumb\":{\"@id\":\"https:\/\/roadev.polycor.com\/fr\/tour\/#breadcrumb\"},\"inLanguage\":\"fr-FR\",\"potentialAction\":[{\"@type\":\"ReadAction\",\"target\":[\"https:\/\/roadev.polycor.com\/fr\/tour\/\"]}]},{\"@type\":\"BreadcrumbList\",\"@id\":\"https:\/\/roadev.polycor.com\/fr\/tour\/#breadcrumb\",\"itemListElement\":[{\"@type\":\"ListItem\",\"position\":1,\"name\":\"Home\",\"item\":\"https:\/\/roadev.polycor.com\/fr\/\"},{\"@type\":\"ListItem\",\"position\":2,\"name\":\"Tourisme\"}]},{\"@type\":\"WebSite\",\"@id\":\"https:\/\/roadev.polycor.com\/fr\/#website\",\"url\":\"https:\/\/roadev.polycor.com\/fr\/\",\"name\":\"Rock of Ages | Handcrafted monuments\",\"description\":\"\",\"publisher\":{\"@id\":\"https:\/\/roadev.polycor.com\/fr\/#organization\"},\"potentialAction\":[{\"@type\":\"SearchAction\",\"target\":{\"@type\":\"EntryPoint\",\"urlTemplate\":\"https:\/\/roadev.polycor.com\/fr\/?s={search_term_string}\"},\"query-input\":\"required name=search_term_string\"}],\"inLanguage\":\"fr-FR\"},{\"@type\":\"Organization\",\"@id\":\"https:\/\/roadev.polycor.com\/fr\/#organization\",\"name\":\"Rock of Ages | Handcrafted monuments\",\"url\":\"https:\/\/roadev.polycor.com\/fr\/\",\"logo\":{\"@type\":\"ImageObject\",\"inLanguage\":\"fr-FR\",\"@id\":\"https:\/\/roadev.polycor.com\/fr\/#\/schema\/logo\/image\/\",\"url\":\"https:\/\/roadev.polycor.com\/wp-content\/uploads\/2021\/12\/roa-logo.svg\",\"contentUrl\":\"https:\/\/roadev.polycor.com\/wp-content\/uploads\/2021\/12\/roa-logo.svg\",\"width\":50,\"height\":49,\"caption\":\"Rock of Ages | Handcrafted monuments\"},\"image\":{\"@id\":\"https:\/\/roadev.polycor.com\/fr\/#\/schema\/logo\/image\/\"}}]}<\/script>\n<!-- \/ Yoast SEO plugin. -->","yoast_head_json":{"title":"Tourisme - Rock of Ages | Handcrafted monuments","robots":{"index":"noindex","follow":"follow","max-snippet":"max-snippet:-1","max-image-preview":"max-image-preview:large","max-video-preview":"max-video-preview:-1"},"og_locale":"fr_FR","og_type":"article","og_title":"Tourisme - Rock of Ages | Handcrafted monuments","og_description":"L\u00e0 o\u00f9 le temps s\u2019arr\u00eate Merci pour cette merveilleuse saison 2022! Nous sommes maintenant ferm\u00e9s, visites guid\u00e9es de carri\u00e8re ont conclu Centre des visiteurs Votre exp\u00e9rience de visite du Rocher des \u00e2ges commence g\u00e9n\u00e9ralement \u00e0 notre Centre des visiteurs moderne. Ici, vous pouvez r\u00e9server votre billet de visite guid\u00e9e de caravane, profiter d\u2019une vid\u00e9o sur &hellip; Tourisme Lire la suite\u00a0\u00bb","og_url":"https:\/\/roadev.polycor.com\/fr\/tour\/","og_site_name":"Rock of Ages | Handcrafted monuments","article_modified_time":"2022-11-14T13:56:01+00:00","og_image":[{"url":"https:\/\/roadev.polycor.com\/wp-content\/uploads\/2022\/01\/tourism.center@2x.jpg"}],"twitter_card":"summary_large_image","twitter_misc":{"Dur\u00e9e de lecture estim\u00e9e":"4 minutes"},"schema":{"@context":"https:\/\/schema.org","@graph":[{"@type":"WebPage","@id":"https:\/\/roadev.polycor.com\/fr\/tour\/","url":"https:\/\/roadev.polycor.com\/fr\/tour\/","name":"Tourisme - Rock of Ages | Handcrafted monuments","isPartOf":{"@id":"https:\/\/roadev.polycor.com\/fr\/#website"},"datePublished":"2021-12-30T00:09:15+00:00","dateModified":"2022-11-14T13:56:01+00:00","breadcrumb":{"@id":"https:\/\/roadev.polycor.com\/fr\/tour\/#breadcrumb"},"inLanguage":"fr-FR","potentialAction":[{"@type":"ReadAction","target":["https:\/\/roadev.polycor.com\/fr\/tour\/"]}]},{"@type":"BreadcrumbList","@id":"https:\/\/roadev.polycor.com\/fr\/tour\/#breadcrumb","itemListElement":[{"@type":"ListItem","position":1,"name":"Home","item":"https:\/\/roadev.polycor.com\/fr\/"},{"@type":"ListItem","position":2,"name":"Tourisme"}]},{"@type":"WebSite","@id":"https:\/\/roadev.polycor.com\/fr\/#website","url":"https:\/\/roadev.polycor.com\/fr\/","name":"Rock of Ages | Handcrafted monuments","description":"","publisher":{"@id":"https:\/\/roadev.polycor.com\/fr\/#organization"},"potentialAction":[{"@type":"SearchAction","target":{"@type":"EntryPoint","urlTemplate":"https:\/\/roadev.polycor.com\/fr\/?s={search_term_string}"},"query-input":"required name=search_term_string"}],"inLanguage":"fr-FR"},{"@type":"Organization","@id":"https:\/\/roadev.polycor.com\/fr\/#organization","name":"Rock of Ages | Handcrafted monuments","url":"https:\/\/roadev.polycor.com\/fr\/","logo":{"@type":"ImageObject","inLanguage":"fr-FR","@id":"https:\/\/roadev.polycor.com\/fr\/#\/schema\/logo\/image\/","url":"https:\/\/roadev.polycor.com\/wp-content\/uploads\/2021\/12\/roa-logo.svg","contentUrl":"https:\/\/roadev.polycor.com\/wp-content\/uploads\/2021\/12\/roa-logo.svg","width":50,"height":49,"caption":"Rock of Ages | Handcrafted monuments"},"image":{"@id":"https:\/\/roadev.polycor.com\/fr\/#\/schema\/logo\/image\/"}}]}},"_links":{"self":[{"href":"https:\/\/roadev.polycor.com\/fr\/wp-json\/wp\/v2\/pages\/7535"}],"collection":[{"href":"https:\/\/roadev.polycor.com\/fr\/wp-json\/wp\/v2\/pages"}],"about":[{"href":"https:\/\/roadev.polycor.com\/fr\/wp-json\/wp\/v2\/types\/page"}],"author":[{"embeddable":true,"href":"https:\/\/roadev.polycor.com\/fr\/wp-json\/wp\/v2\/users\/1"}],"replies":[{"embeddable":true,"href":"https:\/\/roadev.polycor.com\/fr\/wp-json\/wp\/v2\/comments?post=7535"}],"version-history":[{"count":35,"href":"https:\/\/roadev.polycor.com\/fr\/wp-json\/wp\/v2\/pages\/7535\/revisions"}],"predecessor-version":[{"id":11298,"href":"https:\/\/roadev.polycor.com\/fr\/wp-json\/wp\/v2\/pages\/7535\/revisions\/11298"}],"wp:attachment":[{"href":"https:\/\/roadev.polycor.com\/fr\/wp-json\/wp\/v2\/media?parent=7535"}],"curies":[{"name":"wp","href":"https:\/\/api.w.org\/{rel}","templated":true}]}}