{"id":7566,"date":"2021-12-30T00:35:10","date_gmt":"2021-12-30T00:35:10","guid":{"rendered":"https:\/\/dev2.rockofages.com\/careers\/"},"modified":"2022-02-16T22:52:13","modified_gmt":"2022-02-16T22:52:13","slug":"carrieres","status":"publish","type":"page","link":"https:\/\/roadev.polycor.com\/fr\/carrieres\/","title":{"rendered":"Joindre notre \u00e9quipe"},"content":{"rendered":"\n<div class=\"wp-block-cover alignfull is-light\" style=\"min-height:351px\"><span aria-hidden=\"true\" class=\"has-rust-lt-background-color has-background-dim-100 wp-block-cover__gradient-background has-background-dim\"><\/span><div class=\"wp-block-cover__inner-container\">\n<div class=\"wp-block-columns is-style-gapless is-layout-flex wp-container-4\">\n<div class=\"wp-block-column is-layout-flow\" style=\"flex-basis:12%\"><\/div>\n\n\n\n<div class=\"wp-block-column is-layout-flow\" style=\"flex-basis:76%\">\n<h1 class=\"has-text-align-center is-style-ibf-roa-navy-heading has-navy-color has-text-color wp-block-heading\" id=\"un-emploi-au-sein-de-l-equipe-de-rock-of-ages\">Un emploi au sein de l\u2019\u00e9quipe de Rock of Ages<\/h1>\n\n\n\n<p class=\"has-text-align-center is-style-default has-navy-color has-text-color has-normal-font-size\">Vous \u00eates \u00e0 la recherche d\u2019un emploi qui combine travail d\u2019\u00e9quipe et occasions d\u2019avancement professionnel dans un environnement de travail positif, offrant de pr\u00e9cieux avantages et une bonne r\u00e9mun\u00e9ration? Joignez-vous \u00e0 l\u2019\u00e9quipe de Rock of Ages! <\/p>\n<\/div>\n\n\n\n<div class=\"wp-block-column is-layout-flow\" style=\"flex-basis:12%\"><\/div>\n<\/div>\n<\/div><\/div>\n\n\n\n<div class=\"wp-block-cover alignfull is-light\" style=\"min-height:370px\"><span aria-hidden=\"true\" class=\"has-background-dim-0 wp-block-cover__gradient-background has-background-dim\"><\/span><img decoding=\"async\" loading=\"lazy\" width=\"2560\" height=\"779\" class=\"wp-block-cover__image-background wp-image-821\" alt=\"\" src=\"https:\/\/roadev.polycor.com\/wp-content\/uploads\/2021\/12\/join-our-team-wide-1-1-scaled.jpg\" style=\"object-position:50% 77%\" data-object-fit=\"cover\" data-object-position=\"50% 77%\" srcset=\"https:\/\/roadev.polycor.com\/wp-content\/uploads\/2021\/12\/join-our-team-wide-1-1-scaled.jpg 2560w, https:\/\/roadev.polycor.com\/wp-content\/uploads\/2021\/12\/join-our-team-wide-1-1-scaled-300x91.jpg 300w, https:\/\/roadev.polycor.com\/wp-content\/uploads\/2021\/12\/join-our-team-wide-1-1-scaled-1024x312.jpg 1024w, https:\/\/roadev.polycor.com\/wp-content\/uploads\/2021\/12\/join-our-team-wide-1-1-scaled-768x234.jpg 768w, https:\/\/roadev.polycor.com\/wp-content\/uploads\/2021\/12\/join-our-team-wide-1-1-scaled-1536x467.jpg 1536w, https:\/\/roadev.polycor.com\/wp-content\/uploads\/2021\/12\/join-our-team-wide-1-1-scaled-2048x623.jpg 2048w\" sizes=\"(max-width: 2560px) 100vw, 2560px\" \/><div class=\"wp-block-cover__inner-container\">\n<p class=\"has-text-align-center has-large-font-size\"><\/p>\n<\/div><\/div>\n\n\n\n<div class=\"wp-block-columns alignfull is-layout-flex wp-container-6\">\n<div class=\"wp-block-column is-layout-flow\">\n<h2 class=\"alignfull has-text-align-center is-style-if-roa-prod-head-1 has-white-color has-navy-md-background-color has-text-color has-background wp-block-heading\" id=\"postes-ouverts\">Postes ouverts<\/h2>\n<\/div>\n<\/div>\n\n\n\n<div class=\"wp-block-columns alignfull is-layout-flex wp-container-10\">\n<div class=\"wp-block-column is-layout-flow\" style=\"flex-basis:8vw\"><\/div>\n\n\n\n<div class=\"wp-block-column is-layout-flow\" style=\"flex-basis:80%\">\n<div style=\"height:129px\" aria-hidden=\"true\" class=\"wp-block-spacer editorskit-no-tablet editorskit-no-mobile\"><\/div>\n\n\n<ul class=\"roa-career-listings\">\n  <li><a href=\"https:\/\/roadev.polycor.com\/fr\/carrieres\/heavy-equipment-operator\/\"><h2>Op\u00e9rateur(trice) de machinerie lourde <br><small>Lac-des-\u00c9corces, Laurentides<\/small><\/h2><div class=\"roa-learn-more\">VOIR<\/div><\/a><\/li>\n<li><a href=\"https:\/\/roadev.polycor.com\/fr\/carrieres\/operateurtrice-de-machinerie-lourde\/\"><h2>Op\u00e9rateur(trice) de machinerie lourde <br><small>Stanstead, Qc<\/small><\/h2><div class=\"roa-learn-more\">VOIR<\/div><\/a><\/li>\n<li><a href=\"https:\/\/roadev.polycor.com\/fr\/carrieres\/technicien-en-dimensionnage\/\"><h2>Technicien(ne)-qualit\u00e9, dimensionnement de pierre naturelle<br><small>Stanstead, Estrie<\/small><\/h2><div class=\"roa-learn-more\">VOIR<\/div><\/a><\/li>\n<li><a href=\"https:\/\/roadev.polycor.com\/fr\/carrieres\/tailleureuse-de-granite\/\"><h2>Tailleur(euse) de granite<br><small>Stanstead, Qc<\/small><\/h2><div class=\"roa-learn-more\">VOIR<\/div><\/a><\/li>\n<li><a href=\"https:\/\/roadev.polycor.com\/fr\/carrieres\/journalierere-en-usine\/\"><h2>Journalier(\u00e8re) en usine<br><small>Stanstead, Qc<\/small><\/h2><div class=\"roa-learn-more\">VOIR<\/div><\/a><\/li>\n\n<\/ul>\n<style rel=\"stylesheet\">ul.roa-career-listings {\r\n  list-style-type: none;\r\n  width: 100%;\r\n}\r\nul.roa-career-listings li {\r\n  width: 100%;\r\n  margin-bottom: 10px;\r\n}\r\nul.roa-career-listings li a h2>small,\r\nul.roa-career-listings li a h2 {\r\n  color: inherit !important;\r\n}\r\nul.roa-career-listings li a:hover {\r\n  color: rgb(217, 167, 130);\r\n  transition: .5s;\r\n}\r\nul.roa-career-listings li a {\r\n  padding: 30px;\r\n  display: flex;\r\n  flex-direction: row;\r\n  justify-content: space-between;\r\n  align-items: center;\r\n  background-color: rgb(237, 237, 237);\r\n  transition: .5s;\r\n}\r\nul.roa-career-listings li a h2 {\r\n  margin-top: 0 !important;\r\n  width: 80%;\r\n  margin-bottom: 0 !important;\r\n  padding: 0;\r\n}\r\nul.roa-career-listings li a h2 small {\r\n  font-size: .6em;\r\n}\r\nul.roa-career-listings li a:after {\r\n  content: \"\\00bb\";\r\n  color: rgb(217, 167, 130);\r\n  margin-left: 3px;\r\n  opacity: 0;\r\n  transition: .5s;\r\n}\r\nul.roa-career-listings li a:hover:after {\r\n  opacity: 1;\r\n}\r\n.roa-learn-more {\r\n  text-align: right;\r\n  margin-left: auto;\r\n  text-transform: uppercase;\r\n  padding-top: 2px;\r\n  height: 100%;\r\n  vertical-align: center;\r\n}\r\n<\/style>\n<\/div>\n\n\n\n<div class=\"wp-block-column is-layout-flow\" style=\"flex-basis:8vw\"><\/div>\n<\/div>\n\n\n\n<div style=\"height:100px\" aria-hidden=\"true\" class=\"wp-block-spacer\"><\/div>\n","protected":false},"excerpt":{"rendered":"<p>Postes ouverts<\/p>\n","protected":false},"author":1,"featured_media":0,"parent":0,"menu_order":0,"comment_status":"closed","ping_status":"closed","template":"","meta":{"_editorskit_title_hidden":false,"_editorskit_reading_time":0,"_editorskit_is_block_options_detached":false,"_editorskit_block_options_position":"{}","content-type":"","site-sidebar-layout":"default","site-content-layout":"page-builder","ast-global-header-display":"","ast-main-header-display":"","ast-hfb-above-header-display":"","ast-hfb-below-header-display":"","ast-hfb-mobile-header-display":"","site-post-title":"","ast-breadcrumbs-content":"","ast-featured-img":"","footer-sml-layout":"","theme-transparent-header-meta":"","adv-header-id-meta":"","stick-header-meta":"","header-above-stick-meta":"","header-main-stick-meta":"","header-below-stick-meta":""},"acf":[],"yoast_head":"<!-- This site is optimized with the Yoast SEO plugin v20.11 - https:\/\/yoast.com\/wordpress\/plugins\/seo\/ -->\n<title>Joindre notre \u00e9quipe - Rock of Ages | Handcrafted monuments<\/title>\n<meta name=\"robots\" content=\"noindex, follow, max-snippet:-1, max-image-preview:large, max-video-preview:-1\" \/>\n<meta property=\"og:locale\" content=\"fr_FR\" \/>\n<meta property=\"og:type\" content=\"article\" \/>\n<meta property=\"og:title\" content=\"Joindre notre \u00e9quipe - Rock of Ages | Handcrafted monuments\" \/>\n<meta property=\"og:description\" content=\"Postes ouverts\" \/>\n<meta property=\"og:url\" content=\"https:\/\/roadev.polycor.com\/fr\/carrieres\/\" \/>\n<meta property=\"og:site_name\" content=\"Rock of Ages | Handcrafted monuments\" \/>\n<meta property=\"article:modified_time\" content=\"2022-02-16T22:52:13+00:00\" \/>\n<meta property=\"og:image\" content=\"https:\/\/roadev.polycor.com\/wp-content\/uploads\/2021\/12\/join-our-team-wide-1-1-scaled.jpg\" \/>\n<meta name=\"twitter:card\" content=\"summary_large_image\" \/>\n<meta name=\"twitter:label1\" content=\"Dur\u00e9e de lecture estim\u00e9e\" \/>\n\t<meta name=\"twitter:data1\" content=\"1 minute\" \/>\n<script type=\"application\/ld+json\" class=\"yoast-schema-graph\">{\"@context\":\"https:\/\/schema.org\",\"@graph\":[{\"@type\":\"WebPage\",\"@id\":\"https:\/\/roadev.polycor.com\/fr\/carrieres\/\",\"url\":\"https:\/\/roadev.polycor.com\/fr\/carrieres\/\",\"name\":\"Joindre notre \u00e9quipe - Rock of Ages | Handcrafted monuments\",\"isPartOf\":{\"@id\":\"https:\/\/roadev.polycor.com\/fr\/#website\"},\"datePublished\":\"2021-12-30T00:35:10+00:00\",\"dateModified\":\"2022-02-16T22:52:13+00:00\",\"breadcrumb\":{\"@id\":\"https:\/\/roadev.polycor.com\/fr\/carrieres\/#breadcrumb\"},\"inLanguage\":\"fr-FR\",\"potentialAction\":[{\"@type\":\"ReadAction\",\"target\":[\"https:\/\/roadev.polycor.com\/fr\/carrieres\/\"]}]},{\"@type\":\"BreadcrumbList\",\"@id\":\"https:\/\/roadev.polycor.com\/fr\/carrieres\/#breadcrumb\",\"itemListElement\":[{\"@type\":\"ListItem\",\"position\":1,\"name\":\"Home\",\"item\":\"https:\/\/roadev.polycor.com\/fr\/\"},{\"@type\":\"ListItem\",\"position\":2,\"name\":\"Joindre notre \u00e9quipe\"}]},{\"@type\":\"WebSite\",\"@id\":\"https:\/\/roadev.polycor.com\/fr\/#website\",\"url\":\"https:\/\/roadev.polycor.com\/fr\/\",\"name\":\"Rock of Ages | Handcrafted monuments\",\"description\":\"\",\"publisher\":{\"@id\":\"https:\/\/roadev.polycor.com\/fr\/#organization\"},\"potentialAction\":[{\"@type\":\"SearchAction\",\"target\":{\"@type\":\"EntryPoint\",\"urlTemplate\":\"https:\/\/roadev.polycor.com\/fr\/?s={search_term_string}\"},\"query-input\":\"required name=search_term_string\"}],\"inLanguage\":\"fr-FR\"},{\"@type\":\"Organization\",\"@id\":\"https:\/\/roadev.polycor.com\/fr\/#organization\",\"name\":\"Rock of Ages | Handcrafted monuments\",\"url\":\"https:\/\/roadev.polycor.com\/fr\/\",\"logo\":{\"@type\":\"ImageObject\",\"inLanguage\":\"fr-FR\",\"@id\":\"https:\/\/roadev.polycor.com\/fr\/#\/schema\/logo\/image\/\",\"url\":\"https:\/\/roadev.polycor.com\/wp-content\/uploads\/2021\/12\/roa-logo.svg\",\"contentUrl\":\"https:\/\/roadev.polycor.com\/wp-content\/uploads\/2021\/12\/roa-logo.svg\",\"width\":50,\"height\":49,\"caption\":\"Rock of Ages | Handcrafted monuments\"},\"image\":{\"@id\":\"https:\/\/roadev.polycor.com\/fr\/#\/schema\/logo\/image\/\"}}]}<\/script>\n<!-- \/ Yoast SEO plugin. -->","yoast_head_json":{"title":"Joindre notre \u00e9quipe - Rock of Ages | Handcrafted monuments","robots":{"index":"noindex","follow":"follow","max-snippet":"max-snippet:-1","max-image-preview":"max-image-preview:large","max-video-preview":"max-video-preview:-1"},"og_locale":"fr_FR","og_type":"article","og_title":"Joindre notre \u00e9quipe - Rock of Ages | Handcrafted monuments","og_description":"Postes ouverts","og_url":"https:\/\/roadev.polycor.com\/fr\/carrieres\/","og_site_name":"Rock of Ages | Handcrafted monuments","article_modified_time":"2022-02-16T22:52:13+00:00","og_image":[{"url":"https:\/\/roadev.polycor.com\/wp-content\/uploads\/2021\/12\/join-our-team-wide-1-1-scaled.jpg"}],"twitter_card":"summary_large_image","twitter_misc":{"Dur\u00e9e de lecture estim\u00e9e":"1 minute"},"schema":{"@context":"https:\/\/schema.org","@graph":[{"@type":"WebPage","@id":"https:\/\/roadev.polycor.com\/fr\/carrieres\/","url":"https:\/\/roadev.polycor.com\/fr\/carrieres\/","name":"Joindre notre \u00e9quipe - Rock of Ages | Handcrafted monuments","isPartOf":{"@id":"https:\/\/roadev.polycor.com\/fr\/#website"},"datePublished":"2021-12-30T00:35:10+00:00","dateModified":"2022-02-16T22:52:13+00:00","breadcrumb":{"@id":"https:\/\/roadev.polycor.com\/fr\/carrieres\/#breadcrumb"},"inLanguage":"fr-FR","potentialAction":[{"@type":"ReadAction","target":["https:\/\/roadev.polycor.com\/fr\/carrieres\/"]}]},{"@type":"BreadcrumbList","@id":"https:\/\/roadev.polycor.com\/fr\/carrieres\/#breadcrumb","itemListElement":[{"@type":"ListItem","position":1,"name":"Home","item":"https:\/\/roadev.polycor.com\/fr\/"},{"@type":"ListItem","position":2,"name":"Joindre notre \u00e9quipe"}]},{"@type":"WebSite","@id":"https:\/\/roadev.polycor.com\/fr\/#website","url":"https:\/\/roadev.polycor.com\/fr\/","name":"Rock of Ages | Handcrafted monuments","description":"","publisher":{"@id":"https:\/\/roadev.polycor.com\/fr\/#organization"},"potentialAction":[{"@type":"SearchAction","target":{"@type":"EntryPoint","urlTemplate":"https:\/\/roadev.polycor.com\/fr\/?s={search_term_string}"},"query-input":"required name=search_term_string"}],"inLanguage":"fr-FR"},{"@type":"Organization","@id":"https:\/\/roadev.polycor.com\/fr\/#organization","name":"Rock of Ages | Handcrafted monuments","url":"https:\/\/roadev.polycor.com\/fr\/","logo":{"@type":"ImageObject","inLanguage":"fr-FR","@id":"https:\/\/roadev.polycor.com\/fr\/#\/schema\/logo\/image\/","url":"https:\/\/roadev.polycor.com\/wp-content\/uploads\/2021\/12\/roa-logo.svg","contentUrl":"https:\/\/roadev.polycor.com\/wp-content\/uploads\/2021\/12\/roa-logo.svg","width":50,"height":49,"caption":"Rock of Ages | Handcrafted monuments"},"image":{"@id":"https:\/\/roadev.polycor.com\/fr\/#\/schema\/logo\/image\/"}}]}},"_links":{"self":[{"href":"https:\/\/roadev.polycor.com\/fr\/wp-json\/wp\/v2\/pages\/7566"}],"collection":[{"href":"https:\/\/roadev.polycor.com\/fr\/wp-json\/wp\/v2\/pages"}],"about":[{"href":"https:\/\/roadev.polycor.com\/fr\/wp-json\/wp\/v2\/types\/page"}],"author":[{"embeddable":true,"href":"https:\/\/roadev.polycor.com\/fr\/wp-json\/wp\/v2\/users\/1"}],"replies":[{"embeddable":true,"href":"https:\/\/roadev.polycor.com\/fr\/wp-json\/wp\/v2\/comments?post=7566"}],"version-history":[{"count":16,"href":"https:\/\/roadev.polycor.com\/fr\/wp-json\/wp\/v2\/pages\/7566\/revisions"}],"predecessor-version":[{"id":10578,"href":"https:\/\/roadev.polycor.com\/fr\/wp-json\/wp\/v2\/pages\/7566\/revisions\/10578"}],"wp:attachment":[{"href":"https:\/\/roadev.polycor.com\/fr\/wp-json\/wp\/v2\/media?parent=7566"}],"curies":[{"name":"wp","href":"https:\/\/api.w.org\/{rel}","templated":true}]}}